{"id":13286,"date":"2021-11-12T14:50:56","date_gmt":"2021-11-12T13:50:56","guid":{"rendered":"https:\/\/www.kmw.ch\/exhibitions\/war_games\/"},"modified":"2022-06-15T11:44:25","modified_gmt":"2022-06-15T09:44:25","slug":"war_in_art","status":"publish","type":"page","link":"https:\/\/www.kmw.ch\/en\/exhibitions\/war_in_art\/","title":{"rendered":"War in Art"},"content":{"rendered":"<p>War is one of the oldest and most intense experiences of humanity \u2013 and its artistic representation is equally old. From the virtually endless wealth of images, the exhibition War in Art features a concentrated selection of artworks that stand out for their new and surprising approach to this serious subject \u2013 artistic expression succeeds at coping with the dreadful topic.<\/p>\n<p>The exhibition focuses on significant print series that have proven themselves throughout the centuries as a fitting medium for depicting war. Famous cycles such as Francisco de Goya\u2019s Desastres de la Guerra, which combines etching and aquatint in a creative way to achieve images that are as gruesome as they are revolutionary, and Jacques Callot\u2019s Mis\u00e8res de la guerre from 1633, considered a turning point in the depiction of war, will be on display. Thus, the focus is not on heroic battle paintings, but on the personal, artistic approach to the subject. Giovanni Battista Tiepolo used various soldier figures in his Capricci in an entirely whimsical manner, and Honor\u00e9 Daumier commented on the war games of the powerful with wit and humour all his life. In addition to other important series, for example by F\u00e9lix Vallotton and Frans Masereel, numerous outstanding individual works by important artists such as Albrecht D\u00fcrer, Gustave Courbet, Max Liebermann, K\u00e4the Kollwitz and Gerhard Richter are presented.<\/p>\n<p>Curator: David Schmidhauser With kind support Kunst Museum Winterthur<br \/>\nReinhart am Stadtgarten<br \/>\n8400 Winterthur<br \/>\nGet directions 1605 Tue to Sun 10 am\u20135 pm<br \/>\nThu 10 am\u20138 pm<br \/>\nMonday closed 1607 CHF 19 \/ 16 (reduced)<br \/>\nWith the\u00a0ticket you can visit all three\u00a0museums.<br \/>\nDetails 1606<\/p>\n","protected":false},"excerpt":{"rendered":"<p>War is one of the oldest and most intense experiences of humanity \u2013 and its artistic representation is equally old. From the virtually endless wealth of images, the exhibition War in Art features a concentrated selection of artworks that stand out for their new and surprising approach to this serious subject \u2013 artistic expression succeeds [&hellip;]<\/p>\n","protected":false},"author":19,"featured_media":15016,"parent":4115,"menu_order":30,"comment_status":"closed","ping_status":"closed","template":"","meta":{"_acf_changed":false,"footnotes":""},"class_list":["post-13286","page","type-page","status-publish","has-post-thumbnail","hentry"],"_links":{"self":[{"href":"https:\/\/www.kmw.ch\/en\/wp-json\/wp\/v2\/pages\/13286","targetHints":{"allow":["GET"]}}],"collection":[{"href":"https:\/\/www.kmw.ch\/en\/wp-json\/wp\/v2\/pages"}],"about":[{"href":"https:\/\/www.kmw.ch\/en\/wp-json\/wp\/v2\/types\/page"}],"author":[{"embeddable":true,"href":"https:\/\/www.kmw.ch\/en\/wp-json\/wp\/v2\/users\/19"}],"replies":[{"embeddable":true,"href":"https:\/\/www.kmw.ch\/en\/wp-json\/wp\/v2\/comments?post=13286"}],"version-history":[{"count":0,"href":"https:\/\/www.kmw.ch\/en\/wp-json\/wp\/v2\/pages\/13286\/revisions"}],"up":[{"embeddable":true,"href":"https:\/\/www.kmw.ch\/en\/wp-json\/wp\/v2\/pages\/4115"}],"wp:featuredmedia":[{"embeddable":true,"href":"https:\/\/www.kmw.ch\/en\/wp-json\/wp\/v2\/media\/15016"}],"wp:attachment":[{"href":"https:\/\/www.kmw.ch\/en\/wp-json\/wp\/v2\/media?parent=13286"}],"curies":[{"name":"wp","href":"https:\/\/api.w.org\/{rel}","templated":true}]}}