{"id":15856,"date":"2022-11-23T16:03:01","date_gmt":"2022-11-23T15:03:01","guid":{"rendered":"https:\/\/www.kmw.ch\/exhibitions\/franz_erhard_walther\/"},"modified":"2024-01-12T12:25:29","modified_gmt":"2024-01-12T11:25:29","slug":"franz_erhard_walther","status":"publish","type":"page","link":"https:\/\/www.kmw.ch\/en\/exhibitions\/franz_erhard_walther\/","title":{"rendered":"Franz Erhard Walther"},"content":{"rendered":"<p>The German artist Franz Erhard Walther is one of the key figures of a concept of art based on participation. Born in Fulda in 1939, his work in the postwar years began with Informel painting: &#8220;Piece by piece I understood that the term &#8216;Informel&#8217; only made sense if one related that to the absence of the concept of composition. I connected the absence of form with the concept of action and [&#8230;] developed material process works. So I transferred, so to speak, the painting process of Informel into a material process.&#8221; In the final analysis, this leads to works in which the exhibition visitors overcome the passive role of the viewer and actively involve themselves in the work, as in the famous 1. Werksatz (1st set of works) from 1963 to 1969. These are objects made of cotton fabrics, wood, and various other materials. One is invited to use them, to unfold them or to put them over oneself. F\u00fcr den K\u00f6rper f\u00fcr den Kopf (For the Body for the Head) from 1986 also belongs to a group of works, the so-called Wandformationen (wall formations), in which the artist aims at an interweaving of painting, sculpture and architecture that characterizes his work to this day.\u00a0<br \/>\nWalther&#8217;s work has been rediscovered in recent years and has been featured in major exhibitions, including those at the Muse\u00e9 d&#8217;art moderne et contemporain in Geneva in 2010, the St\u00e4del in Frankfurt in 2014, and the Haus der Kunst in Munich in 2020.\u00a0<br \/>\nThanks to the extensive permanent loan from the Kienzle Art Foundation, Berlin, the Kunst Museum Winterthur can now offer a comprehensive insight into the work of this pioneering artist, with a special focus on his early painting. <\/p>\n<p>Curator: Konrad Bitterli  With kind support Kunst Museum Winterthur<br \/>\nBeim Stadthaus<br \/>\n8400 Winterthur<br \/>\nDirections<\/p>\n<p> 1605 Tuesday 10 \u2013 20 Uhr<br \/>\nWednesday to Sunday 10 \u2013 17 Uhr<br \/>\nClosed on Monday 1607 CHF 16 \/ 13 (reduced)<br \/>\nDetails 1606<\/p>\n","protected":false},"excerpt":{"rendered":"<p>The German artist Franz Erhard Walther is one of the key figures of a concept of art based on participation. Born in Fulda in 1939, his work in the postwar years began with Informel painting: &#8220;Piece by piece I understood that the term &#8216;Informel&#8217; only made sense if one related that to the absence of [&hellip;]<\/p>\n","protected":false},"author":19,"featured_media":15606,"parent":4115,"menu_order":12,"comment_status":"closed","ping_status":"closed","template":"","meta":{"_acf_changed":false,"footnotes":""},"class_list":["post-15856","page","type-page","status-publish","has-post-thumbnail","hentry"],"_links":{"self":[{"href":"https:\/\/www.kmw.ch\/en\/wp-json\/wp\/v2\/pages\/15856","targetHints":{"allow":["GET"]}}],"collection":[{"href":"https:\/\/www.kmw.ch\/en\/wp-json\/wp\/v2\/pages"}],"about":[{"href":"https:\/\/www.kmw.ch\/en\/wp-json\/wp\/v2\/types\/page"}],"author":[{"embeddable":true,"href":"https:\/\/www.kmw.ch\/en\/wp-json\/wp\/v2\/users\/19"}],"replies":[{"embeddable":true,"href":"https:\/\/www.kmw.ch\/en\/wp-json\/wp\/v2\/comments?post=15856"}],"version-history":[{"count":0,"href":"https:\/\/www.kmw.ch\/en\/wp-json\/wp\/v2\/pages\/15856\/revisions"}],"up":[{"embeddable":true,"href":"https:\/\/www.kmw.ch\/en\/wp-json\/wp\/v2\/pages\/4115"}],"wp:featuredmedia":[{"embeddable":true,"href":"https:\/\/www.kmw.ch\/en\/wp-json\/wp\/v2\/media\/15606"}],"wp:attachment":[{"href":"https:\/\/www.kmw.ch\/en\/wp-json\/wp\/v2\/media?parent=15856"}],"curies":[{"name":"wp","href":"https:\/\/api.w.org\/{rel}","templated":true}]}}