{"id":16299,"date":"2022-02-24T14:24:46","date_gmt":"2022-02-24T13:24:46","guid":{"rendered":"https:\/\/www.kmw.ch\/kunstverein\/"},"modified":"2025-10-08T13:35:04","modified_gmt":"2025-10-08T11:35:04","slug":"mitgliedschaft","status":"publish","type":"page","link":"https:\/\/www.kmw.ch\/en\/mitgliedschaft\/","title":{"rendered":"Mitgliedschaft"},"content":{"rendered":"<p>Der Kunstverein Winterthur ist Tr\u00e4ger des Kunst Museum Winterthur.\u00a0Als Mitglied\u00a0st\u00e4rken Sie die Anliegen des Museums in der \u00d6ffentlichkeit. Ihr Beitrag bedeutet\u00a0ausserdem eine wichtige Unterstu\u0308tzung fu\u0308r die T\u00e4tigkeit und das Fortbestehen\u00a0dieser renommierten Kunstinstitution.<\/p>\n<p>Folgende Vorteile erwarten Sie als Mitglied:<\/p>\n<p>Freier Eintritt in alle Ausstellungen und zu s\u00e4mtlichen Veranstaltungen<br \/>\nRegelm\u00e4ssige Einladungen und Informationen u\u0308ber die Aktivit\u00e4ten des Museums<br \/>\n20%-Rabatt auf Publikationen des Kunst Museum Winterthur<br \/>\nKostenlose Nutzung der Audioguides<br \/>\nMitsprache und Stimmberechtigung bei der Mitgliederversammlung<br \/>\nM\u00f6glichkeit zur Teilnahme an Kunstausflu\u0308gen<\/p>\n<p>Zudem geniessen Sie freien Eintritt zu 15 weiteren Schweizer Museen und Kunsthallen:<br \/>\nAargauer Kunsthaus, Aarau; Bu\u0308ndner Kunstmuseum Chur; Kunsthalle Basel; Kunsthalle Bern; Kunsthalle Zu\u0308rich; Kunsthaus Glarus; Kunsthaus Zug; Kunstmuseum Luzern; Kunstmuseum St.Gallen, Lokremise St.Gallen; Kunstmuseum Thurgau, Ittinger Museum; Museum zu Allerheiligen, Schaffhausen; Sammlung Oskar Reinhart \u00abAm R\u00f6merholz\u00bb, Winterthur; Shedhalle, Zu\u0308rich M\u00f6gliche Mitgliedschaften:<\/p>\n<p>Einzelmitglied CHF 80.-\/pro Jahr<br \/>\nPaarmitgliedschaft CHF 120.-\/pro Jahr<br \/>\nJuniormitglied CHF 20.-\/pro Jahr<br \/>\nMitglied auf Lebenszeit CHF 3&#8217;000.-<br \/>\nBeitr\u00e4ge und Spenden der Mitglieder sind im Kanton Z\u00fcrich steuerlich abzugsf\u00e4hig.<br \/>\nFu\u0308r weitere Informationen zur Mitgliedschaft wenden Sie sich gerne an uns unter i&#x6e;&#x66;o&#64;&#x6b;&#x6d;w&#46;&#x63;h oder +41 (0)52 267 51 62.<\/p>\n","protected":false},"excerpt":{"rendered":"<p>Der Kunstverein Winterthur ist Tr\u00e4ger des Kunst Museum Winterthur.\u00a0Als Mitglied\u00a0st\u00e4rken Sie die Anliegen des Museums in der \u00d6ffentlichkeit. Ihr Beitrag bedeutet\u00a0ausserdem eine wichtige Unterstu\u0308tzung fu\u0308r die T\u00e4tigkeit und das Fortbestehen\u00a0dieser renommierten Kunstinstitution. Folgende Vorteile erwarten Sie als Mitglied: Freier Eintritt in alle Ausstellungen und zu s\u00e4mtlichen Veranstaltungen Regelm\u00e4ssige Einladungen und Informationen u\u0308ber die Aktivit\u00e4ten des [&hellip;]<\/p>\n","protected":false},"author":19,"featured_media":13395,"parent":0,"menu_order":2,"comment_status":"closed","ping_status":"closed","template":"","meta":{"_acf_changed":false,"footnotes":""},"class_list":["post-16299","page","type-page","status-publish","has-post-thumbnail","hentry"],"_links":{"self":[{"href":"https:\/\/www.kmw.ch\/en\/wp-json\/wp\/v2\/pages\/16299","targetHints":{"allow":["GET"]}}],"collection":[{"href":"https:\/\/www.kmw.ch\/en\/wp-json\/wp\/v2\/pages"}],"about":[{"href":"https:\/\/www.kmw.ch\/en\/wp-json\/wp\/v2\/types\/page"}],"author":[{"embeddable":true,"href":"https:\/\/www.kmw.ch\/en\/wp-json\/wp\/v2\/users\/19"}],"replies":[{"embeddable":true,"href":"https:\/\/www.kmw.ch\/en\/wp-json\/wp\/v2\/comments?post=16299"}],"version-history":[{"count":3,"href":"https:\/\/www.kmw.ch\/en\/wp-json\/wp\/v2\/pages\/16299\/revisions"}],"predecessor-version":[{"id":26873,"href":"https:\/\/www.kmw.ch\/en\/wp-json\/wp\/v2\/pages\/16299\/revisions\/26873"}],"wp:featuredmedia":[{"embeddable":true,"href":"https:\/\/www.kmw.ch\/en\/wp-json\/wp\/v2\/media\/13395"}],"wp:attachment":[{"href":"https:\/\/www.kmw.ch\/en\/wp-json\/wp\/v2\/media?parent=16299"}],"curies":[{"name":"wp","href":"https:\/\/api.w.org\/{rel}","templated":true}]}}