{"id":18602,"date":"2023-11-16T17:36:32","date_gmt":"2023-11-16T16:36:32","guid":{"rendered":"https:\/\/www.kmw.ch\/?page_id=18602"},"modified":"2024-02-28T13:52:40","modified_gmt":"2024-02-28T12:52:40","slug":"burhan-dogancay","status":"publish","type":"page","link":"https:\/\/www.kmw.ch\/en\/exhibitions\/burhan-dogancay\/","title":{"rendered":"Burhan Do\u011fan\u00e7ay"},"content":{"rendered":"<p>Traces of everyday life characterize the visual aesthetics in the work of Burhan Do\u011fan\u00e7ay (1929\u20132013): building walls covered with graffiti, torn posters in subway stations, and slogans in countless languages on the walls of the most diverse cities. His sojourn in Israel in 1975 marks the beginning of a photographic documentation of the walls of the world, a lifelong project that resulted in forty thousand photographs from 114 countries and a unique archive. The photographs served Do\u011fan\u00e7ay as a basis for his drawn and painted oeuvre that depicts, cuts down, reworks, and reinterprets walls all over the world. Observing walls, appropriating them, and transforming them into art simultaneously result in a paradoxical and humanistic message: walls that were built to divide become mediums of a universal language of humanity.<\/p>\n<p>In 2021 several works by Do\u011fan\u00e7ay were donated to the Kunst Museum Winterthur. Since the Mus\u00e9e d\u2019art et d\u2019histoire in Geneva also received a comprehensive series of works by the artist, both museums are now collaborating to present their new acquisitions in an exhibition: following a presentation of the works in Geneva in fall\/winter 2023, the Kunst Museum Winterthur will show work by the artist in the first half of 2024. Both museums will publish a bilingual catalog with the aim of introducing this important Turkish artist to a larger audience in Switzerland and abroad, contributing to overcoming walls\u2014which in Switzerland are likened to trenches.<\/p>\n<p>Curator: David Schmidhauser  With kind support Kunst Museum Winterthur<br \/>\nBeim Stadthaus<br \/>\n8400 Winterthur<br \/>\nDirections<\/p>\n<p> 1605 Tuesday 10 \u2013 20 Uhr<br \/>\nWednesday to Sunday 10 \u2013 17 Uhr<br \/>\nClosed on Monday 1607 CHF 19 \/ 16 (reduced)<br \/>\nDetails 1606<\/p>\n","protected":false},"excerpt":{"rendered":"<p>Traces of everyday life characterize the visual aesthetics in the work of Burhan Do\u011fan\u00e7ay (1929\u20132013): building walls covered with graffiti, torn posters in subway stations, and slogans in countless languages on the walls of the most diverse cities. His sojourn in Israel in 1975 marks the beginning of a photographic documentation of the walls of [&hellip;]<\/p>\n","protected":false},"author":25,"featured_media":19264,"parent":4115,"menu_order":1,"comment_status":"closed","ping_status":"closed","template":"","meta":{"_acf_changed":false,"footnotes":""},"class_list":["post-18602","page","type-page","status-publish","has-post-thumbnail","hentry"],"_links":{"self":[{"href":"https:\/\/www.kmw.ch\/en\/wp-json\/wp\/v2\/pages\/18602","targetHints":{"allow":["GET"]}}],"collection":[{"href":"https:\/\/www.kmw.ch\/en\/wp-json\/wp\/v2\/pages"}],"about":[{"href":"https:\/\/www.kmw.ch\/en\/wp-json\/wp\/v2\/types\/page"}],"author":[{"embeddable":true,"href":"https:\/\/www.kmw.ch\/en\/wp-json\/wp\/v2\/users\/25"}],"replies":[{"embeddable":true,"href":"https:\/\/www.kmw.ch\/en\/wp-json\/wp\/v2\/comments?post=18602"}],"version-history":[{"count":0,"href":"https:\/\/www.kmw.ch\/en\/wp-json\/wp\/v2\/pages\/18602\/revisions"}],"up":[{"embeddable":true,"href":"https:\/\/www.kmw.ch\/en\/wp-json\/wp\/v2\/pages\/4115"}],"wp:featuredmedia":[{"embeddable":true,"href":"https:\/\/www.kmw.ch\/en\/wp-json\/wp\/v2\/media\/19264"}],"wp:attachment":[{"href":"https:\/\/www.kmw.ch\/en\/wp-json\/wp\/v2\/media?parent=18602"}],"curies":[{"name":"wp","href":"https:\/\/api.w.org\/{rel}","templated":true}]}}