{"id":21795,"date":"2024-07-31T10:51:05","date_gmt":"2024-07-31T08:51:05","guid":{"rendered":"https:\/\/www.kmw.ch\/museum\/team\/"},"modified":"2026-04-09T09:01:41","modified_gmt":"2026-04-09T07:01:41","slug":"team","status":"publish","type":"page","link":"https:\/\/www.kmw.ch\/en\/about-us\/team\/","title":{"rendered":"Team Neu"},"content":{"rendered":"<p>Communication Eva Ruckstuhl<br \/>\nCommunication<br \/>\nE-Mail<\/p>\n<p>Melanie Staub<br \/>\nCommunication<br \/>\nE-Mail Administration \/ Finances Rita Baur<br \/>\nFinances<br \/>\nE-Mail<\/p>\n<p>Rahel Brupbacher<br \/>\nAdministration<br \/>\nEvent coordination<br \/>\nMember services<br \/>\nE-Mail<\/p>\n<p>Markus Schmutz<br \/>\nAdministration<br \/>\nShop<br \/>\nE-Mail Museum Technicians Pascal Stalder<br \/>\nHead of museum technicians<br \/>\nE-Mail<\/p>\n<p>Jo\u00eblle Allet<br \/>\nFreelancer<\/p>\n<p>Soraija Baumgartner<br \/>\nFreelancer<\/p>\n<p>Dominik Heim<br \/>\nFreelancer<\/p>\n<p>Heiko Sch\u00e4tzle<br \/>\nFreelancer<\/p>\n<p>Marco Wyss<br \/>\nFreelancer<\/p>\n<p>Andrea Z\u00fcllig<br \/>\nFreelancer\u00a0 Collection \/ Archive Andrea Hadem<br \/>\nE-Mail Provenance Harry Joelson<br \/>\nProvenance research<br \/>\nE-Mail Curators Konrad Bitterli<br \/>\nDirector<\/p>\n<p>Andrea Lutz<br \/>\nCurator 17th &#8211; 19th century, Vice Director<br \/>\nE-Mail<\/p>\n<p>Lynn Kost<br \/>\nCurator contemporary art<br \/>\nE-Mail<\/p>\n<p>Sonja Remensberger<br \/>\nCurator miniatures<br \/>\nE-Mail<\/p>\n<p>Dr. David Schmidhauser<br \/>\nCurator 18th \u2013 20th century<br \/>\nE-Mail<\/p>\n<p>Ariane Milicev<br \/>\nAssistant<br \/>\nE-Mail<\/p>\n<p>Volunteers Helen M\u00fcnch<\/p>\n<p>Matthias Wohlgemuth Museum Maintenance Ren\u00e9 Geiger<br \/>\nHead of Real Estate Art Museum<\/p>\n<p>Hanspeter L\u00fcthi<br \/>\nMuseum maintenance<\/p>\n<p>Ibrahim \u00d6zg\u00fcl<br \/>\nMuseum maintenance<\/p>\n<p>Hakan Dogan<br \/>\nMuseum maintenance<\/p>\n<p>Chris Schwitz<br \/>\nMuseum maintenance<\/p>\n<p>Enzo Strati<br \/>\nMuseum maintenance City Administration Anna Tschudi Regina Brunner-Huber<\/p>\n<p>Nora Gn\u00e4dinger<\/p>\n<p>&nbsp;<\/p>\n<p>Lolita M\u00fcller<\/p>\n<p>Rose von Niederh\u00e4usern<\/p>\n<p>Christina Talotti<\/p>\n<p>Cornelia Vogel Museum Attendants Seraina Brandes<\/p>\n<p>Hugo Brito<\/p>\n<p>Roman H\u00fcppi<\/p>\n<p>Melania Mont\u00e1n Katrin Noser<\/p>\n<p>Lilly Niederh\u00e4user<\/p>\n<p>Ibrahim \u00d6zg\u00fcl<\/p>\n<p>Elsbeth Preiss Antonia Schiavano<\/p>\n<p>Iwona Schumann<\/p>\n<p>Silvia Staub-M\u00fcller<\/p>\n<p>Maria-Luise Ziltener-Fuiko Cleaning Tas D\u00f6nd\u00fc<\/p>\n<p>Hanim Dogan<\/p>\n<p>Hasibe Krasniqi<\/p>\n<p>Nadire \u00d6zer Satu Simsek<\/p>\n<p>Elmas Uzun Registrars Andreas Ehmann<br \/>\nRegistrar<br \/>\nE-Mail<\/p>\n<p>Annina Pandiani<br \/>\nRegistrar<br \/>\nE-Mail<\/p>\n<p>Art Education Stefanie Bieri<br \/>\nHead of art education<br \/>\nE-Mail<\/p>\n<p>Melanie Mock<br \/>\nArt education<br \/>\nE-Mail<\/p>\n<p>Tiziana Carraro<br \/>\nFreelancer<\/p>\n<p>Lucia Angela Cavegn<br \/>\nFreelancer<\/p>\n<p>Katherine Frances Ehrbar<br \/>\nFreelancer<\/p>\n<p>Timea Fleischmann<br \/>\nFreelancer<\/p>\n<p>Mario L\u00fcscher<br \/>\nFreelancer<\/p>\n<p>El\u00e9onor de Pesters<br \/>\nFreelancer<\/p>\n<p>Annika De Tomasi<br \/>\nFreelancer<\/p>\n<p>Theres Schwarz-Steiner<br \/>\nFreelancer<br \/>\nRestoration \/ Conservation Bea Lips<br \/>\nPaintings<br \/>\nE-Mail<\/p>\n<p>Natalie Prader<br \/>\nPaintings<br \/>\nE-Mail<\/p>\n<p>Michaela Ritter<br \/>\nPaper (freelancer)<\/p>\n","protected":false},"excerpt":{"rendered":"<p>Communication Eva Ruckstuhl Communication E-Mail Melanie Staub Communication E-Mail Administration \/ Finances Rita Baur Finances E-Mail Rahel Brupbacher Administration Event coordination Member services E-Mail Markus Schmutz Administration Shop E-Mail Museum Technicians Pascal Stalder Head of museum technicians E-Mail Jo\u00eblle Allet Freelancer Soraija Baumgartner Freelancer Dominik Heim Freelancer Heiko Sch\u00e4tzle Freelancer Marco Wyss Freelancer Andrea Z\u00fcllig [&hellip;]<\/p>\n","protected":false},"author":25,"featured_media":21253,"parent":4094,"menu_order":3,"comment_status":"closed","ping_status":"closed","template":"","meta":{"_acf_changed":false,"footnotes":""},"class_list":["post-21795","page","type-page","status-publish","has-post-thumbnail","hentry"],"_links":{"self":[{"href":"https:\/\/www.kmw.ch\/en\/wp-json\/wp\/v2\/pages\/21795","targetHints":{"allow":["GET"]}}],"collection":[{"href":"https:\/\/www.kmw.ch\/en\/wp-json\/wp\/v2\/pages"}],"about":[{"href":"https:\/\/www.kmw.ch\/en\/wp-json\/wp\/v2\/types\/page"}],"author":[{"embeddable":true,"href":"https:\/\/www.kmw.ch\/en\/wp-json\/wp\/v2\/users\/25"}],"replies":[{"embeddable":true,"href":"https:\/\/www.kmw.ch\/en\/wp-json\/wp\/v2\/comments?post=21795"}],"version-history":[{"count":17,"href":"https:\/\/www.kmw.ch\/en\/wp-json\/wp\/v2\/pages\/21795\/revisions"}],"predecessor-version":[{"id":28589,"href":"https:\/\/www.kmw.ch\/en\/wp-json\/wp\/v2\/pages\/21795\/revisions\/28589"}],"up":[{"embeddable":true,"href":"https:\/\/www.kmw.ch\/en\/wp-json\/wp\/v2\/pages\/4094"}],"wp:featuredmedia":[{"embeddable":true,"href":"https:\/\/www.kmw.ch\/en\/wp-json\/wp\/v2\/media\/21253"}],"wp:attachment":[{"href":"https:\/\/www.kmw.ch\/en\/wp-json\/wp\/v2\/media?parent=21795"}],"curies":[{"name":"wp","href":"https:\/\/api.w.org\/{rel}","templated":true}]}}