{"id":23583,"date":"2022-05-03T16:19:10","date_gmt":"2022-05-03T14:19:10","guid":{"rendered":"https:\/\/www.kmw.ch\/aktuelles\/"},"modified":"2025-06-26T13:59:23","modified_gmt":"2025-06-26T11:59:23","slug":"news","status":"publish","type":"page","link":"https:\/\/www.kmw.ch\/en\/news\/","title":{"rendered":"News"},"content":{"rendered":"<p>Jahresprogramm 2025<br \/>\n4.12.2024<\/p>\n<p>Ein Blick in das druckfrische Jahresprogramm des Kunst Museum Winterthur offenbart: 2025 wartet ein anspruchsvolles Programm, gespickt mit einer Vielfalt an Kunsthighlights, auf das Publikum. Das Ausstellungsjahr ist aus Anlass seines 100. Todesjahres F\u00e9lix Vallotton gewidmet. Im\u00a0Ann\u00e9e Vallotton\u00a0richtet ihm das Kunst Museum Winterthur eine umfassende Werkschau aus.\u00a0MEHR Winterthur sagt \u00abJa\u00bb<br \/>\n25.11.2024<\/p>\n<p>Am Sonntag, 24. November, hat das Winterthurer Stimmvolk auch dem letzten wichtigen Meilenstein in der Umsetzung des Museumskonzepts zugestimmt: Die \u00dcbernahme des f\u00fcr die Museen t\u00e4tigen st\u00e4dtischen Personals durch den Kunstverein ab 2025. MEHR R\u00fcckblick TiM-Impuls#12<br \/>\n3.10.2024<\/p>\n<p>Am Freitag, 20. September 2024, fand im Kunst Museum Winterthur der Impuls#12-Tag von \u00abTiM \u2013 Tandem im Museum\u00bb statt. 80 Teilnehmer:innen aus der ganzen Schweiz trafen sich in Winterthur zum Erfahrungsaustausch, Netzwerken und Sammeln neuer Impulse. MEHR Die Villa Flora begeistert<br \/>\n28.5.2024<\/p>\n<p>Bereits mehr als 10&#8217;000 Personen besuchten seit der Wiederer\u00f6ffnung die Villa Flora. Auch das Fr\u00fchlingsfest am vergangenen Wochenende mit Musik, Malen im Garten, einem offenen Kunstatelier und vielem mehr lockte erneut \u00fcber 1&#8217;200 Besucher:innen an. \u00a0MEHR Preview der 3Sat-Produktion \u00abDas Geheimnis der Meister\u00bb<br \/>\n25.4.2024<\/p>\n<p>Kreidefelsen auf R\u00fcgen, eines der Hauptwerke von Caspar David Friedrich, steht im Mittelpunkt der ersten Folge der neuen f\u00fcnfteiligen 3sat-Reihe Das Geheimnis der Meister. Wie sind die Kunstwerke grosser K\u00fcnstlerinnen und K\u00fcnstler entstanden? Dieser Frage geht die erfolgreiche 3Sat-Reihe\u00a0Das Geheimnis der Meister\u00a0nach. Als erstes Museum der Schweiz erh\u00e4lt das Kunst Museum Winterthur eine eigene Sendung in der erfolgreichen TV-Reihe. MEHR Michael E. Smith: K\u00fcnstlerbuch mit Originalzeichnung<br \/>\n25.4.2024<\/p>\n<p>Begleitend zur Ausstellung von Michael E. Smith erscheint eine Publikation mit bisher unver\u00f6ffentlichten Zeichnungen des US-amerikanischen K\u00fcnstlers. Das Kunst Museum Winterthur verkauft zehn exklusive Vorzugsausgaben des K\u00fcnstlerbuches jeweils mit einer Originalzeichnung des K\u00fcnstlers. MEHR Katalog: Kunst Museum Winterthur \u2013 Zweihundert Meisterwerke<br \/>\n14.3.2024<\/p>\n<p>Das Kunst Museum Winterthur feiert 2024 die Wiederer\u00f6ffnung der Villa Flora. Begleitet wird dieser Zusammenschluss der drei H\u00e4user und Sammlungen unter einem Dach von einem opulenten Bildband.<br \/>\n200 Meisterwerke klassischer Malerei, Skulptur und Graphik sowie j\u00fcngerer Medien wie Videoarbeiten und Installationen spannen den Bogen vom Barock bis in die Gegenwart.\u00a0MEHR Stefanie K\u00e4gi gewinnt den Kunstpreis Galerieverein 2023<br \/>\n11.12.2023<\/p>\n<p>Im Rahmen der Er\u00f6ffnung der\u00a0Dezemberausstellung: \u00dcberblick 2023\u00a0wurde am Samstag, 9. Dezember der vom Galerieverein, Freunde Kunst Museum Winterthur gestiftete und mit CHF 10\u2019000 dotierte Kunstpreis vergeben.\u00a0Die\u00a0gl\u00fcckliche Gewinnerin\u00a0ist\u00a0Stefanie K\u00e4gi\u00a0(*1987),\u00a0die\u00a0f\u00fcr\u00a0ihre\u00a0Werkserie\u00a0Hurlyburly\u00a0geehrt wurde. MEHR Workshop: Malen im Museum<br \/>\n30.11.2023<\/p>\n<p>Gemeinsam betrachten wir Bilder der Sammlung des Kunst Museum Winterthur, immer mit dem Fokus auf das jeweilige Thema. Durch das intensive Betrachten der Werke kommen wir zu einer ganz pers\u00f6nlichen Interpretation. Diese setzen wir anschliessend im Atelier des Museums um. MEHR Bis bald, Caspar<br \/>\n21.11.2023<\/p>\n<p>Am 19. November 2023 ging die Ausstellung\u00a0Caspar David Friedrich und die Vorboten der Romantik\u00a0mit der Rekordzahl von 26\u2019360 Besucherinnen und Besuchern zu Ende. Dank eigener Best\u00e4nde sowie wichtiger Leihgaben anderer Museen war die Ausstellung in Winterthur ein bis ins Ausland weit beachteter Auftakt f\u00fcr das Jubil\u00e4umsjahr. MEHR Umbau Reinhart am Stadtgarten \u2013 Das erwartet Sie ab 2025<br \/>\n1.11.2023<\/p>\n<p>Am 27. November 2023 schliesst das Kunst Museum Winterthur | Reinhart am Stadtgarten f\u00fcr mehrere Monate seine T\u00fcren. Die Sanierung umfasst verschiedene Aspekte im Bereich Sicherheit und Zug\u00e4nglichkeit sowie die Beleuchtung. Allem voran d\u00fcrfen sich die Besucherinnen und Besucher auf die neugestaltete Eingangshalle freuen. MEHR Ist mein Lieblingswerk im Museum zu sehen?<br \/>\n28.6.2023<\/p>\n<p>Sind Sie auch schon einmal in eine Stadt gereist, um im dortigen Kunstmuseum das bekannte Aush\u00e4ngeschild der Sammlung zu bewundern, nur um dann festzustellen, dass dieses gerade selbst auf Reisen ist? Hier erfahren Sie, wie Sie bereits vor Ihrem Museumsbesuch herausfinden, ob Ihr Lieblingswerk aktuell ausgestellt oder vielleicht gerade auf Reisen ist. MEHR Kreidefelsen auf R\u00fcgen? Kreidefelsen auf Reisen!<br \/>\n22.6.2023<\/p>\n<p>F\u00fcr unsere Ausstellungen d\u00fcrfen wir immer wieder wertvolle Leihgaben aus dem In- und Ausland im Kunst Museum Winterthur pr\u00e4sentieren. Gleichzeitig vertrauen auch wir unsere Sch\u00e4tze vor\u00fcbergehend anderen Museen an. So weilt aktuell Caspar David Friedrichs Meisterwerk Kreidefelsen auf R\u00fcgen im Museum Georg Sch\u00e4fer in Schweinfurt. MEHR Pop-Up-Werkstatt Extended<br \/>\n29.8.2024<\/p>\n<p>Im Oktober wird gemalt, geleimt, zerschnitten und vervollst\u00e4ndigt: Die Pop-Up-Werkstatt \u00f6ffnet einmal mehr ihre Tore. Dieses Jahr sogar mit der M\u00f6glichkeit, selbst erschaffene Werke im Kunst Museum Winterthur auszustellen. MEHR Ausschreibung Dezember-Ausstellung<br \/>\n16.6.2023<\/p>\n<p>Das Kunst Museum Winterthur und die Kunsthalle Winterthur organisieren in Zusammenarbeit mit der K\u00fcnstler:innengruppe Winterthur die Dezemberausstellung 2023. Die Ausstellung zeigt Arbeiten von Kunstschaffenden, die sich auf eine \u00f6ffentliche Ausschreibung hin bewerben und von einer Jury ausgew\u00e4hlt werden. MEHR Vernissage Sylvie Fleury<br \/>\n10.6.2023<\/p>\n<p>Das Kunst Museum Winterthur pr\u00e4sentiert in der Ausstellung Shoplifters from Venus nach \u00fcber f\u00fcnfzehn Jahren eine umfassende Einzelausstellung der K\u00fcnstlerin Sylvie Fleury. Es treffen bekannte auf eigens f\u00fcr die Ausstellung gefertigten Werken, alle spielen sie mit den Themen Glamour, Lifestyle und Feminismus. MEHR Bundesratsbesuch im Kunst Museum Winterthur<br \/>\n22.3.2023<\/p>\n<p>Die 18. \u00abextra muros\u00bb Sitzung des Bundesrates fand dieses Jahr im Kunst Museum Winterthur statt. Unter der Leitung von Bundesratspr\u00e4sident Alain Berset fand man sich zwischen Vincent Van Gogh und Sophie Taeuber-Arp\u00a0zur Sitzung zusammen. MEHR Im Museum mit der Restauratorin Natalie Prader<br \/>\n22.3.2023<\/p>\n<p>Zwei Tage in der Woche arbeitet Natalie im Kunst Museum Winterthur als Restauratorin. Sie schw\u00e4rmt von der Abwechslung ihres Berufs und macht neugierig, was denn genau so interessant an ihrem Alltag ist&#8230;\u00a0MEHR Vernissage Oscar Tuazon<br \/>\n3.2.2023<\/p>\n<p>In der Ausstellung Building des K\u00fcnstlers Oscar Tuazon zeigt das Kunst Museum Winterthur zum ersten Mal seine raumgreifenden Skulpturen. Die hellen und hohen R\u00e4ume des Neubaus wurden in der zweiw\u00f6chigen Aufbauphase mit &#8230; MEHR Oscar Tuazon \u2013 Aufbau<br \/>\n20.1.2023<\/p>\n<p>Mitte Januar beginnt der Aufbau, anfangs Februar ist die Er\u00f6ffnung: die Installation der Ausstellung Building von Oscar Tuazon l\u00e4uft auf Hochtouren. Die gigantischen Skulpturen werden die Besuchenden \u2026\u00a0MEHR Das Jahresprogramm 2023<br \/>\n23.11.2022<\/p>\n<p>Im Jahr 2023 erwartet Sie ein diverses Ausstellungsprogramm im Kunst Museum Winterthur: Zu sehen sind Werke der Romantik, des Symbolismus, der Altmeistermalerei wie auch der zeitgen\u00f6ssischen Kunst. Das Jahr 2023 steht im \u2026\u00a0MEHR Kunst und Krieg \u2013 Eine Einf\u00fchrung<br \/>\n6.10.2022<\/p>\n<p>Am 8. Oktober er\u00f6ffnen wir im Kunst Museum Winterthur | Reinhart am Stadtgarten die Ausstellung Kunst und Krieg. Die Ausstellung beleuchtet in einem Rundgang von der Renaissance bis zur Gegenwart verschiedene Aspekte des k\u00fcnstlerischen Umgangs mit dem Krieg. MEHR Vernissage Monica Bonvicini<br \/>\n10.9.2022<\/p>\n<p>Am 9. September wurde die Ausstellung Monica Bonvicini in Anwesenheit der K\u00fcnstlerin er\u00f6ffnet. Das mediale Echo auf die schweizweit erste institutionelle Ausstellung war riesig. Noch bis am 13. November sind die zum Teil 2.5 Meter breiten &#8230; MEHR Kulturnacht 2022<br \/>\n29.8.2022<\/p>\n<p>Am 24. September 2022 l\u00e4dt die sechste Kulturnacht ein, das Winterthurer Stadtleben von einer anderen Seite zu entdecken. Von der D\u00e4mmerung bis Mitternacht \u00f6ffnen 16 Kulturinstitutionen ihre T\u00fcren und laden G\u00e4ste aus der Winterthurer Kulturszene &#8230; MEHR Kulturnacht 2024<br \/>\n28.8.2024<\/p>\n<p>Eine Entdeckungstour durch die Stadt: Mit einem vielf\u00e4ltigen Programm aus allen Sparten \u00f6ffnen am 21. September 2024 16 Kulturinstitutionen ihre T\u00fcren \u2013 das ist das Programm im Kunst Museum Winterthur. MEHR Welt aus den Fugen \u2013 Finissage mit Ed Atkins<br \/>\n22.7.2022<\/p>\n<p>Zum Abschluss der Ausstellung Welt aus den Fugen gibt der selten auftretende Ed Atkins ein neues Begleitst\u00fcck zu seiner Installation Old Food auf dem Klavier wieder. Der K\u00fcnstler und Autor hat unter dem Titel Old Food sowohl die gleichnamige Rauminstallation\u00a0&#8230; MEHR Lorenza Longhi erh\u00e4lt Manor Kunstpreis 2025<br \/>\n1.7.2024<\/p>\n<p>Die K\u00fcnstlerin Lorenza Longhi erh\u00e4lt den Manor Kunstpreis 2025 f\u00fcr den Kanton Z\u00fcrich. Die Auszeichnung ist mit einer Einzelausstellung im Kunst Museum Winterthur im Herbst 2025 verbunden. MEHR Galerieverein erwirbt acht Werke von Silvia B\u00e4chli<br \/>\n27.6.2024<\/p>\n<p>Der Galerieverein erwirbt acht Arbeiten aus der aktuellen Ausstellung von Silvia B\u00e4chli f\u00fcr das Kunst Museum Winterthur. Die Freunde des Kunst Museum Winterthur stimmten dem Ankauf an der diesj\u00e4hrigen Generalversammlung zu.\u00a0\u00a0MEHR Welt aus den Fugen \u2013 Ausstellungsvideo<br \/>\n14.6.2022<\/p>\n<p>Die Ausstellung\u00a0Welt aus den Fugen\u00a0stellt die Besucherinnen und Besucher eigentlich ganz sch\u00f6n auf die Probe.\u00a0Im dritten Teil unserer Videoserie gew\u00e4hren Ihnen Kurator Lynn Kost und Direktor Konrad Bitterli einen Blick hinter die Kulissen und ergr\u00fcnden &#8230; MEHR Kunst Museum Winterthur erh\u00e4lt weitere Miniaturensammlung<br \/>\n9.6.2022<\/p>\n<p>Das Kunst Museum Winterthur darf sich \u00fcber Zuwachs der Miniaturensammlung freuen. Gegen 100 Portr\u00e4tbildnisse von K\u00fcnstlern aus der Schweiz, Frankreich, England und Deutschland erg\u00e4nzen die bereits jetzt umfassende Miniaturensammlung &#8230; MEHR Welt aus den Fugen \u2013 Aufbau Woche 2<br \/>\n19.5.2022<\/p>\n<p>Neun Installationen, neun verschiedene Welten erwarten die Besucherinnen, die Besucher in der Ausstellung Welt aus den Fugen. Erschaffen werden diese neun Welten von den K\u00fcnstlerinnen und K\u00fcnstlern, aber auch von unserem Technikteam rund &#8230; MEHR Welt aus den Fugen \u2013 Aufbau Woche 1<br \/>\n28.4.2022<\/p>\n<p>Die Welt ist aus den Fugen; und im Kunst Museum Winterthur das Chaos ausgebrochen. Vier LKWs mit Material wurden an diesem 28. April angeliefert. Material f\u00fcr die Ausstellung Welt aus den Fugen, welche am 20. Mai er\u00f6ffnet wird. Kiste um Kiste &#8230; MEHR<\/p>\n<p>Neuer Bewegungs-Workshop im Museum: Moving Art<br \/>\n24.4.2022<\/p>\n<p>Kunst bewegt \u2013 und das bald wortw\u00f6rtlich. Das Kunst Museum Winterthur bietet ab Mai 2022 in Zusammenarbeit mit zwei Tanzp\u00e4dagoginnen Workshops unter dem Titel Moving Art an. In diesem neuartigen Vermittlungsprojekt steht das direkte &#8230; MEHR Jetzt erh\u00e4ltlich: Ausstellungskatalog Charlotte Prodger<br \/>\n19.4.2022<br \/>\nAnl\u00e4sslich der gleichnamigen Retrospektive im Kunst Museum Winterthur | Beim Stadthaus 2021 ist nun der Ausstellungskatalog Charlotte Prodger \u2013 Selected Works erschienen.<br \/>\nEs ist die erste Monografie des Werkes von Charlotte Prodger, erschienen im Verlag der Buchhandlung Walther und Franz Ko\u0308nig mit zahlreichen Farbabbildungen und Beitra\u0308gen von Jac Renee Bruneau, Mel Y Chen, Laura Guy, Lynn Kost, Mason Leaver-Yap, Chris McCormack und Irene Revell.<br \/>\nErh\u00e4ltlich ab sofort im Shop und online. Vernissage Italia<br \/>\n14.3.2022<\/p>\n<p>Am 11. M\u00e4rz 2022 feierte die Ausstellung\u00a0Italia\u00a0Er\u00f6ffnung \u2013 und das endlich wieder mit zahlreichen G\u00e4sten und anschliessendem Ap\u00e9ro. Die Ausstellung l\u00e4uft bis am 11. September 2022 im &#8230; MEHR<\/p>\n","protected":false},"excerpt":{"rendered":"<p>Jahresprogramm 2025 4.12.2024 Ein Blick in das druckfrische Jahresprogramm des Kunst Museum Winterthur offenbart: 2025 wartet ein anspruchsvolles Programm, gespickt mit einer Vielfalt an Kunsthighlights, auf das Publikum. Das Ausstellungsjahr ist aus Anlass seines 100. Todesjahres F\u00e9lix Vallotton gewidmet. Im\u00a0Ann\u00e9e Vallotton\u00a0richtet ihm das Kunst Museum Winterthur eine umfassende Werkschau aus.\u00a0MEHR Winterthur sagt \u00abJa\u00bb 25.11.2024 Am [&hellip;]<\/p>\n","protected":false},"author":19,"featured_media":22576,"parent":0,"menu_order":1,"comment_status":"closed","ping_status":"closed","template":"","meta":{"_acf_changed":false,"footnotes":""},"class_list":["post-23583","page","type-page","status-publish","has-post-thumbnail","hentry"],"_links":{"self":[{"href":"https:\/\/www.kmw.ch\/en\/wp-json\/wp\/v2\/pages\/23583","targetHints":{"allow":["GET"]}}],"collection":[{"href":"https:\/\/www.kmw.ch\/en\/wp-json\/wp\/v2\/pages"}],"about":[{"href":"https:\/\/www.kmw.ch\/en\/wp-json\/wp\/v2\/types\/page"}],"author":[{"embeddable":true,"href":"https:\/\/www.kmw.ch\/en\/wp-json\/wp\/v2\/users\/19"}],"replies":[{"embeddable":true,"href":"https:\/\/www.kmw.ch\/en\/wp-json\/wp\/v2\/comments?post=23583"}],"version-history":[{"count":2,"href":"https:\/\/www.kmw.ch\/en\/wp-json\/wp\/v2\/pages\/23583\/revisions"}],"predecessor-version":[{"id":25683,"href":"https:\/\/www.kmw.ch\/en\/wp-json\/wp\/v2\/pages\/23583\/revisions\/25683"}],"wp:featuredmedia":[{"embeddable":true,"href":"https:\/\/www.kmw.ch\/en\/wp-json\/wp\/v2\/media\/22576"}],"wp:attachment":[{"href":"https:\/\/www.kmw.ch\/en\/wp-json\/wp\/v2\/media?parent=23583"}],"curies":[{"name":"wp","href":"https:\/\/api.w.org\/{rel}","templated":true}]}}