{"id":23908,"date":"2025-01-23T18:01:30","date_gmt":"2025-01-23T17:01:30","guid":{"rendered":"https:\/\/www.kmw.ch\/?page_id=23908"},"modified":"2026-02-11T16:07:07","modified_gmt":"2026-02-11T15:07:07","slug":"besuch","status":"publish","type":"page","link":"https:\/\/www.kmw.ch\/en\/besuch\/","title":{"rendered":"Visit us"},"content":{"rendered":"<p>\u00d6ffnungszeiten &amp; Anreise Spezielle \u00d6ffnungszeiten<br \/>\n9.3.2025 \u2013 Fasnachtssonntag<br \/>\nVilla Flora und Beim Stadthaus 10 \u2013 17 Uhr, Reinhart am Stadtgarten geschlossen<br \/>\n10.3.2025 \u2013 Fasnachtsmontag<br \/>\ngeschlossen<br \/>\n18.4.2025 \u2013 Karfreitag \u2013 geschlossen<br \/>\n20.4.2025 \u2013 Ostersonntag \u2013 10 \u2013 17 Uhr<br \/>\n21.4.2025 \u2013 Ostermontag \u2013 10 \u2013 17 Uhr<br \/>\n1.5.2025 \u2013 Tag der Arbeit \u2013 10 \u2013 17 Uhr<br \/>\n29.5.2025 \u2013 Auffahrt \u2013 10 \u2013 17 Uhr<br \/>\n8.6.2025 \u2013 Pfingstsonntag \u2013 10 \u2013 17 Uhr<br \/>\n9.6.2025 \u2013 Pfingstmontag \u2013 10 \u2013 17 Uhr<br \/>\n27.6.\u201329.6.2025 \u2013 Albanifest \u2013 Villa Flora 10 \u2013 17 Uhr, Beim Stadthaus und Reinhart am Stadtgarten geschlossen<br \/>\n1.8.2025 \u2013 Bundesfeiertag \u2013 10 \u2013 17 Uhr<br \/>\n24.12.2025 \u2013 Heiligabend \u2013 10 \u2013 16 Uhr<br \/>\n25.12.2025 \u2013 Weihnachten \u2013 geschlossen<br \/>\n26.12.2025 \u2013 Stephanstag \u2013 10 \u2013 17 Uhr<br \/>\n31.12.2025 \u2013 Silvester \u2013 10 \u2013 16 Uhr<br \/>\n1.1.2026 \u2013 Neujahr \u2013 Geschlossen<br \/>\n2.1.2026 \u2013 Berchtoldstag \u2013 10 \u2013 17 Uhr Preise<br \/>\nWechselausstellungen und Sammlung<\/p>\n<p>CHF 19 \/ 16 (erm\u00e4ssigt)<\/p>\n<p>Erm\u00e4ssigter Tarif CHF 16<\/p>\n<p>&#8211; AHV\/IV<br \/>\n&#8211; Auszubildende<br \/>\n&#8211; Studierende<br \/>\n&#8211; Gruppen ab 10 Personen<br \/>\n&#8211; SBB Railaway<br \/>\nSozialtarif CHF 10<br \/>\n&#8211; KulturLegi<br \/>\nFreier Eintritt<br \/>\n&#8211; Mitglieder Kunstverein Winterthur und Galerieverein<br \/>\n&#8211; Freunde der Sammlungen Reinhart, Briner und Kern<br \/>\n&#8211; Freunde der Villa Flora<br \/>\n&#8211; Jugendliche bis zum 16. Geburtstag<br \/>\n&#8211; Schweizerischer Museumspass<br \/>\n&#8211; Studierende der Kunstgeschichte<br \/>\n&#8211; Schulklassen (in Begleitung von\u00a0 \u00a0Lehrpersonen)<br \/>\n&#8211; AICA, ICOM, VKKS, VMS<br \/>\n&#8211; Raiffeisen-Karte (MemberPlus)<\/p>\n<p>Getr\u00e4nke und Snacks<br \/>\nAn allen drei Standorten erhalten Sie w\u00e4hren der Museums\u00f6ffnungszeiten Kaffee, Tee, kalte Getr\u00e4nke und kleine Snacks. Wissen<br \/>\nDigitale Plattform<br \/>\n60 Werkbeschreibungen und viele zus\u00e4tzliche Informationen erlauben Ihnen einen vertieften Einblick in die Sammlungen der drei H\u00e4user des Kunst Museum Winterthur.<\/p>\n<p>(https:\/\/kunstmuseumbasel.ch\/de\/besuch\/audioguide)<br \/>\nKunstvermittlung<br \/>\nWir freuen uns auf Ihre Kontaktaufnahme \u00fcber &#x6b;&#x75;&#x6e;&#x73;&#x74;&#x76;&#x65;&#114;&#109;&#105;ttlung&#x40;&#x6b;&#x6d;&#x77;&#x2e;&#x63;&#x68; oder telefonisch unter +41 52 267 62 21 (Di und Do).\u00a0Zu den Veranstaltungen.<br \/>\nPrivate F\u00fchrung<br \/>\nM\u00f6chten Sie unsere Sammlungen und Ausstellungen in einer kleinen Gruppe besser kennenlernen? Buchen Sie hier eine private F\u00fchrung oder telefonisch unter 052 267 48 63.<\/p>\n","protected":false},"excerpt":{"rendered":"<p>\u00d6ffnungszeiten &amp; Anreise Spezielle \u00d6ffnungszeiten 9.3.2025 \u2013 Fasnachtssonntag Villa Flora und Beim Stadthaus 10 \u2013 17 Uhr, Reinhart am Stadtgarten geschlossen 10.3.2025 \u2013 Fasnachtsmontag geschlossen 18.4.2025 \u2013 Karfreitag \u2013 geschlossen 20.4.2025 \u2013 Ostersonntag \u2013 10 \u2013 17 Uhr 21.4.2025 \u2013 Ostermontag \u2013 10 \u2013 17 Uhr 1.5.2025 \u2013 Tag der Arbeit \u2013 10 \u2013 17 [&hellip;]<\/p>\n","protected":false},"author":25,"featured_media":9626,"parent":0,"menu_order":5,"comment_status":"closed","ping_status":"closed","template":"","meta":{"_acf_changed":false,"footnotes":""},"class_list":["post-23908","page","type-page","status-publish","has-post-thumbnail","hentry"],"_links":{"self":[{"href":"https:\/\/www.kmw.ch\/en\/wp-json\/wp\/v2\/pages\/23908","targetHints":{"allow":["GET"]}}],"collection":[{"href":"https:\/\/www.kmw.ch\/en\/wp-json\/wp\/v2\/pages"}],"about":[{"href":"https:\/\/www.kmw.ch\/en\/wp-json\/wp\/v2\/types\/page"}],"author":[{"embeddable":true,"href":"https:\/\/www.kmw.ch\/en\/wp-json\/wp\/v2\/users\/25"}],"replies":[{"embeddable":true,"href":"https:\/\/www.kmw.ch\/en\/wp-json\/wp\/v2\/comments?post=23908"}],"version-history":[{"count":15,"href":"https:\/\/www.kmw.ch\/en\/wp-json\/wp\/v2\/pages\/23908\/revisions"}],"predecessor-version":[{"id":28139,"href":"https:\/\/www.kmw.ch\/en\/wp-json\/wp\/v2\/pages\/23908\/revisions\/28139"}],"wp:featuredmedia":[{"embeddable":true,"href":"https:\/\/www.kmw.ch\/en\/wp-json\/wp\/v2\/media\/9626"}],"wp:attachment":[{"href":"https:\/\/www.kmw.ch\/en\/wp-json\/wp\/v2\/media?parent=23908"}],"curies":[{"name":"wp","href":"https:\/\/api.w.org\/{rel}","templated":true}]}}