{"id":24634,"date":"2025-02-10T10:04:06","date_gmt":"2025-02-10T09:04:06","guid":{"rendered":"https:\/\/www.kmw.ch\/agenda\/alle-veranstaltungen\/"},"modified":"2025-06-26T13:35:22","modified_gmt":"2025-06-26T11:35:22","slug":"all-events","status":"publish","type":"page","link":"https:\/\/www.kmw.ch\/en\/agenda\/all-events\/","title":{"rendered":"All Events"},"content":{"rendered":"<p>Kunstvermittlung<\/p>\n<p>Entdecken Sie unser Angebot f\u00fcr Kinder, Jugendliche und Erwachsene. Mehr dazu<\/p>\n<p>&nbsp;<\/p>\n<p>Private F\u00fchrung<\/p>\n<p>Buchen Sie Ihre private F\u00fchrung durch die aktuellen Ausstellungen oder eine unserer Sammlungen. Hier entlang<\/p>\n","protected":false},"excerpt":{"rendered":"<p>Kunstvermittlung Entdecken Sie unser Angebot f\u00fcr Kinder, Jugendliche und Erwachsene. Mehr dazu &nbsp; Private F\u00fchrung Buchen Sie Ihre private F\u00fchrung durch die aktuellen Ausstellungen oder eine unserer Sammlungen. Hier entlang<\/p>\n","protected":false},"author":27,"featured_media":5515,"parent":24632,"menu_order":0,"comment_status":"closed","ping_status":"closed","template":"","meta":{"_acf_changed":false,"footnotes":""},"class_list":["post-24634","page","type-page","status-publish","has-post-thumbnail","hentry"],"_links":{"self":[{"href":"https:\/\/www.kmw.ch\/en\/wp-json\/wp\/v2\/pages\/24634","targetHints":{"allow":["GET"]}}],"collection":[{"href":"https:\/\/www.kmw.ch\/en\/wp-json\/wp\/v2\/pages"}],"about":[{"href":"https:\/\/www.kmw.ch\/en\/wp-json\/wp\/v2\/types\/page"}],"author":[{"embeddable":true,"href":"https:\/\/www.kmw.ch\/en\/wp-json\/wp\/v2\/users\/27"}],"replies":[{"embeddable":true,"href":"https:\/\/www.kmw.ch\/en\/wp-json\/wp\/v2\/comments?post=24634"}],"version-history":[{"count":2,"href":"https:\/\/www.kmw.ch\/en\/wp-json\/wp\/v2\/pages\/24634\/revisions"}],"predecessor-version":[{"id":25679,"href":"https:\/\/www.kmw.ch\/en\/wp-json\/wp\/v2\/pages\/24634\/revisions\/25679"}],"up":[{"embeddable":true,"href":"https:\/\/www.kmw.ch\/en\/wp-json\/wp\/v2\/pages\/24632"}],"wp:featuredmedia":[{"embeddable":true,"href":"https:\/\/www.kmw.ch\/en\/wp-json\/wp\/v2\/media\/5515"}],"wp:attachment":[{"href":"https:\/\/www.kmw.ch\/en\/wp-json\/wp\/v2\/media?parent=24634"}],"curies":[{"name":"wp","href":"https:\/\/api.w.org\/{rel}","templated":true}]}}