{"id":24644,"date":"2018-08-22T15:08:33","date_gmt":"2018-08-22T13:08:33","guid":{"rendered":"https:\/\/www.kmw.ch\/agenda\/private-fuehrungen\/"},"modified":"2025-04-04T11:46:20","modified_gmt":"2025-04-04T09:46:20","slug":"private-fuehrungen","status":"publish","type":"page","link":"https:\/\/www.kmw.ch\/en\/agenda\/private-fuehrungen\/","title":{"rendered":"Private F\u00fchrungen"},"content":{"rendered":"<p>Das Kunst Museum Winterthur bietet F\u00fchrungen f\u00fcr Gruppen zu den aktuellen Ausstellungen sowie den Sammlungen an. Diese k\u00f6nnen auf Deutsch oder in einer Fremdsprache (Englisch, Franz\u00f6sisch, Italienisch oder Russisch) gebucht werden.<\/p>\n<p>Kosten<br \/>\nDi \u2013 Sa: CHF 175.- auf Deutsch | CHF 195.- in Fremdsprachen<br \/>\nSo und Feiertage: CHF 195.- auf Deutsch | CHF 215.- in Fremdsprachen<\/p>\n<p>Zus\u00e4tzliche Kosten fallen f\u00fcr F\u00fchrungen ausserhalb der \u00d6ffnungszeiten der H\u00e4user an.<\/p>\n<p>\u00d6ffnungszeiten<br \/>\nBeim Stadthaus: Di 10 \u2013 20 Uhr | Mi bis So, 10 \u2013 17 Uhr<br \/>\nVilla Flora: Di bis So, 10 \u2013 17 Uhr | Mi bis 20 Uhr<br \/>\nReinhart am Stadtgarten: Di \u2013 So 10 \u2013 17 Uhr | Do bis 20 Uhr (ab 1. M\u00e4rz 2025)<\/p>\n<p>Gruppengr\u00f6sse<br \/>\nBeim Stadthaus: max.25 Personen<br \/>\nReinhart am Stadtgarten: max. 25 Personen<br \/>\nVilla Flora: max. 15 Personen<\/p>\n","protected":false},"excerpt":{"rendered":"<p>Das Kunst Museum Winterthur bietet F\u00fchrungen f\u00fcr Gruppen zu den aktuellen Ausstellungen sowie den Sammlungen an. Diese k\u00f6nnen auf Deutsch oder in einer Fremdsprache (Englisch, Franz\u00f6sisch, Italienisch oder Russisch) gebucht werden. Kosten Di \u2013 Sa: CHF 175.- auf Deutsch | CHF 195.- in Fremdsprachen So und Feiertage: CHF 195.- auf Deutsch | CHF 215.- in [&hellip;]<\/p>\n","protected":false},"author":1,"featured_media":0,"parent":24632,"menu_order":8,"comment_status":"closed","ping_status":"closed","template":"","meta":{"_acf_changed":false,"footnotes":""},"class_list":["post-24644","page","type-page","status-publish","hentry"],"_links":{"self":[{"href":"https:\/\/www.kmw.ch\/en\/wp-json\/wp\/v2\/pages\/24644","targetHints":{"allow":["GET"]}}],"collection":[{"href":"https:\/\/www.kmw.ch\/en\/wp-json\/wp\/v2\/pages"}],"about":[{"href":"https:\/\/www.kmw.ch\/en\/wp-json\/wp\/v2\/types\/page"}],"author":[{"embeddable":true,"href":"https:\/\/www.kmw.ch\/en\/wp-json\/wp\/v2\/users\/1"}],"replies":[{"embeddable":true,"href":"https:\/\/www.kmw.ch\/en\/wp-json\/wp\/v2\/comments?post=24644"}],"version-history":[{"count":1,"href":"https:\/\/www.kmw.ch\/en\/wp-json\/wp\/v2\/pages\/24644\/revisions"}],"predecessor-version":[{"id":24705,"href":"https:\/\/www.kmw.ch\/en\/wp-json\/wp\/v2\/pages\/24644\/revisions\/24705"}],"up":[{"embeddable":true,"href":"https:\/\/www.kmw.ch\/en\/wp-json\/wp\/v2\/pages\/24632"}],"wp:attachment":[{"href":"https:\/\/www.kmw.ch\/en\/wp-json\/wp\/v2\/media?parent=24644"}],"curies":[{"name":"wp","href":"https:\/\/api.w.org\/{rel}","templated":true}]}}