{"id":24647,"date":"2018-05-23T12:36:08","date_gmt":"2018-05-23T10:36:08","guid":{"rendered":"https:\/\/www.kmw.ch\/agenda\/kunstvermittlung\/"},"modified":"2025-06-25T11:27:05","modified_gmt":"2025-06-25T09:27:05","slug":"kunstvermittlung","status":"publish","type":"page","link":"https:\/\/www.kmw.ch\/en\/agenda\/kunstvermittlung\/","title":{"rendered":"Kunstvermittlung"},"content":{"rendered":"<p>Angebot im \u00dcberblick<br \/>\nErgr\u00fcnden Sie mit uns die Geschichten von Kunstwerken, kombinieren Sie Kunstbetrachtung mit eigenem Gestalten oder erfahren Sie mehr \u00fcber kunstgeschichtliche Zusammenh\u00e4nge in unseren Ausstellungen und Sammlungen sowie im Atelier.<\/p>\n<p>Mit unseren Angeboten m\u00f6chten wir den Diskurs \u00fcber Kunst anregen, den Blick \u00f6ffnen und die Freude an Kunst f\u00f6rdern.<\/p>\n<p>Willkommen sind Kinder, Jugendliche sowie Erwachsene, die in der Schulzeit, w\u00e4hrend einer Weiterbildung oder in der Freizeit mehr \u00fcber Kunst erfahren m\u00f6chten.<\/p>\n<p>Angebote f\u00fcr Kinder, Jugendliche und Erwachsene<\/p>\n<p>Workshops f\u00fcr alle ab 6 Jahren<br \/>\nFerienangebote<br \/>\nPop-up-Werkstatt<br \/>\nVernissage f\u00fcr Kinder<br \/>\nKindergeburtstage<br \/>\nWorkshops f\u00fcr Erwachsene<br \/>\nTiM \u2013 Tandem im Museum<br \/>\n\u00d6ffentliche und private kunsthistorische F\u00fchrungen<\/p>\n<p>Angebote f\u00fcr Schulen und Lehrpersonen<\/p>\n<p>Kostenlose Workshops und interaktive F\u00fchrungen f\u00fcr ausserst\u00e4dtische Schulen. Informationen und Anmeldung unter &#x6b;u&#x6e;s&#x74;&#118;e&#x72;m&#x69;&#116;t&#x6c;u&#x6e;&#103;&#64;&#x6b;m&#x77;&#46;&#x63;&#x68;<\/p>\n<p>Projektwochen f\u00fcr soziale Institutionen<br \/>\nWorkshops f\u00fcr st\u00e4dtische Schulen: Information und Anmeldung unter Museumsp\u00e4dagogik der Stadt Winterthur<br \/>\nInformationen f\u00fcr einen unbegleiteten Besuch mit der Klasse (PDF)<\/p>\n<p>Haben Sie Fragen oder Anregungen zum Thema Kunstvermittlung? Melden Sie sich unter: kun&#115;&#x74;&#x76;&#x65;&#x72;mit&#116;&#x6c;&#x75;&#x6e;&#x67;&#64;km&#119;&#46;&#x63;&#x68; Daheim im Museum<br \/>\nWenn du nicht ins Museum darfst, dann kommt das Museum zu dir nach Hause. Daheim im Museum bietet spannende Kunstprojekte und vieles mehr f\u00fcr zu Hause.<br \/>\nPrivate F\u00fchrungen<br \/>\nM\u00f6chten Sie unsere Sammlungen und Ausstellungen w\u00e4hrend in einer kleinen Gruppe besser kennenlernen? Buchen Sie hier eine private F\u00fchrung oder telefonisch unter 052 267 48 63.<br \/>\n\u00d6ffentliche F\u00fchrungen<br \/>\nErkundigen Sie sich in unserem Veranstaltungskalender \u00fcber aktuelle \u00f6ffentliche F\u00fchrungen.<br \/>\nPodcasts<br \/>\nErhalten Sie spannende Zusatzinformationen \u00fcber die Sammlung und abonnieren Sie unseren iTunes oder YouTube Kanal.<\/p>\n","protected":false},"excerpt":{"rendered":"<p>Angebot im \u00dcberblick Ergr\u00fcnden Sie mit uns die Geschichten von Kunstwerken, kombinieren Sie Kunstbetrachtung mit eigenem Gestalten oder erfahren Sie mehr \u00fcber kunstgeschichtliche Zusammenh\u00e4nge in unseren Ausstellungen und Sammlungen sowie im Atelier. Mit unseren Angeboten m\u00f6chten wir den Diskurs \u00fcber Kunst anregen, den Blick \u00f6ffnen und die Freude an Kunst f\u00f6rdern. Willkommen sind Kinder, Jugendliche [&hellip;]<\/p>\n","protected":false},"author":19,"featured_media":21383,"parent":24632,"menu_order":11,"comment_status":"closed","ping_status":"closed","template":"","meta":{"_acf_changed":false,"footnotes":""},"class_list":["post-24647","page","type-page","status-publish","has-post-thumbnail","hentry"],"_links":{"self":[{"href":"https:\/\/www.kmw.ch\/en\/wp-json\/wp\/v2\/pages\/24647","targetHints":{"allow":["GET"]}}],"collection":[{"href":"https:\/\/www.kmw.ch\/en\/wp-json\/wp\/v2\/pages"}],"about":[{"href":"https:\/\/www.kmw.ch\/en\/wp-json\/wp\/v2\/types\/page"}],"author":[{"embeddable":true,"href":"https:\/\/www.kmw.ch\/en\/wp-json\/wp\/v2\/users\/19"}],"replies":[{"embeddable":true,"href":"https:\/\/www.kmw.ch\/en\/wp-json\/wp\/v2\/comments?post=24647"}],"version-history":[{"count":2,"href":"https:\/\/www.kmw.ch\/en\/wp-json\/wp\/v2\/pages\/24647\/revisions"}],"predecessor-version":[{"id":25652,"href":"https:\/\/www.kmw.ch\/en\/wp-json\/wp\/v2\/pages\/24647\/revisions\/25652"}],"up":[{"embeddable":true,"href":"https:\/\/www.kmw.ch\/en\/wp-json\/wp\/v2\/pages\/24632"}],"wp:featuredmedia":[{"embeddable":true,"href":"https:\/\/www.kmw.ch\/en\/wp-json\/wp\/v2\/media\/21383"}],"wp:attachment":[{"href":"https:\/\/www.kmw.ch\/en\/wp-json\/wp\/v2\/media?parent=24647"}],"curies":[{"name":"wp","href":"https:\/\/api.w.org\/{rel}","templated":true}]}}