{"id":24649,"date":"2024-10-18T11:36:15","date_gmt":"2024-10-18T09:36:15","guid":{"rendered":"https:\/\/www.kmw.ch\/agenda\/kunstvermittlung\/mitmischen\/"},"modified":"2025-04-04T11:48:48","modified_gmt":"2025-04-04T09:48:48","slug":"mitmischen","status":"publish","type":"page","link":"https:\/\/www.kmw.ch\/en\/agenda\/kunstvermittlung\/mitmischen\/","title":{"rendered":"Mitmischen"},"content":{"rendered":"<p>Warum nicht ins Museum? Oder anders gefragt: wie m\u00fcsste ein Museum sein, damit ich es gerne besuche? Diese und andere Fragen waren Teil der Auseinandersetzung des Projekts Mitmischen!<\/p>\n<p>Neun Studierende des Kulturvermittlung-Lehrgangs Kuverum haben im Kunst Museum Winterthur im Sommer und Herbst 2024 kleine Projekte mit unterschiedlichen Menschen realisiert. Neue G\u00e4ste lernten das Museum kennen und brachten ihre Stimme, ihre Ideen und Aktivit\u00e4ten ein. Die kleine Ausstellung in den Sammlungsr\u00e4umen stellt die Teilprojekte vor.<\/p>\n<p>Sie, liebes Publikum, sind eingeladen, ebenfalls mitzumischen: Kommen Sie vorbei und entdecken Sie neue Wege ins Musem und zur Kunst.<\/p>\n<p>Beteiligte Gruppen: Kindergruppe des brasilianischen Vereins ABEC, Alterszentrum Wiesengrund, Na(c)hbar, GEPS Winterthur, Hobelwerk, Krebsliga Winterthur, Seniorenzentrum Vivale, Solinetz Winterthur und Z\u00fcrich<\/p>\n","protected":false},"excerpt":{"rendered":"<p>Warum nicht ins Museum? Oder anders gefragt: wie m\u00fcsste ein Museum sein, damit ich es gerne besuche? Diese und andere Fragen waren Teil der Auseinandersetzung des Projekts Mitmischen! Neun Studierende des Kulturvermittlung-Lehrgangs Kuverum haben im Kunst Museum Winterthur im Sommer und Herbst 2024 kleine Projekte mit unterschiedlichen Menschen realisiert. Neue G\u00e4ste lernten das Museum kennen [&hellip;]<\/p>\n","protected":false},"author":19,"featured_media":22396,"parent":24647,"menu_order":0,"comment_status":"closed","ping_status":"closed","template":"","meta":{"_acf_changed":false,"footnotes":""},"class_list":["post-24649","page","type-page","status-publish","has-post-thumbnail","hentry"],"_links":{"self":[{"href":"https:\/\/www.kmw.ch\/en\/wp-json\/wp\/v2\/pages\/24649","targetHints":{"allow":["GET"]}}],"collection":[{"href":"https:\/\/www.kmw.ch\/en\/wp-json\/wp\/v2\/pages"}],"about":[{"href":"https:\/\/www.kmw.ch\/en\/wp-json\/wp\/v2\/types\/page"}],"author":[{"embeddable":true,"href":"https:\/\/www.kmw.ch\/en\/wp-json\/wp\/v2\/users\/19"}],"replies":[{"embeddable":true,"href":"https:\/\/www.kmw.ch\/en\/wp-json\/wp\/v2\/comments?post=24649"}],"version-history":[{"count":2,"href":"https:\/\/www.kmw.ch\/en\/wp-json\/wp\/v2\/pages\/24649\/revisions"}],"predecessor-version":[{"id":24714,"href":"https:\/\/www.kmw.ch\/en\/wp-json\/wp\/v2\/pages\/24649\/revisions\/24714"}],"up":[{"embeddable":true,"href":"https:\/\/www.kmw.ch\/en\/wp-json\/wp\/v2\/pages\/24647"}],"wp:featuredmedia":[{"embeddable":true,"href":"https:\/\/www.kmw.ch\/en\/wp-json\/wp\/v2\/media\/22396"}],"wp:attachment":[{"href":"https:\/\/www.kmw.ch\/en\/wp-json\/wp\/v2\/media?parent=24649"}],"curies":[{"name":"wp","href":"https:\/\/api.w.org\/{rel}","templated":true}]}}