{"id":4287,"date":"2017-12-05T12:01:55","date_gmt":"2017-12-05T11:01:55","guid":{"rendered":"https:\/\/www.kmw.ch\/collection\/nachkriegskunst-und-skulptur\/"},"modified":"2025-02-27T09:05:34","modified_gmt":"2025-02-27T08:05:34","slug":"art-after-the-second-world-war","status":"publish","type":"page","link":"https:\/\/www.kmw.ch\/en\/collection\/art-after-the-second-world-war\/","title":{"rendered":"Art after the Second World War"},"content":{"rendered":"<p>The most important trends in European art after the Second World War can be seen alongside each other: the concrete art of Max Bill and Verena Loewensberg, the gestural figuration of informalism with Nicolas de Sta\u00ebl, Bram van Velde and Antoni T\u00e0pies. D\u00e9collages of Nouveau R\u00e9alisme by Raymond Hains and Jacques Villegl\u00e9 allow for a discourse between found images.<\/p>\n<p>Two solitary figures stand at the centre of the collection of the post-war avant-garde: Alberto Giacometti and Giorgio Morandi. As co-founder of the Alberto Giacometti Foundation (together with the Kunsthaus Z\u00fcrich and the Kunstmuseum Basel), the Kunst Museum Winterthur has a group of works by the outstanding sculptor Giacometti on permanent display. The extensive group of paintings by Morandi, which in fact accounts for the largest in a museum outside Italy, is a testimonial of the bond the museum maintains with this important artist. Audio Guide<br \/>\nA guide to 40 main works of the collection, German and English CHF 5<\/p>\n","protected":false},"excerpt":{"rendered":"<p>The most important trends in European art after the Second World War can be seen alongside each other: the concrete art of Max Bill and Verena Loewensberg, the gestural figuration of informalism with Nicolas de Sta\u00ebl, Bram van Velde and Antoni T\u00e0pies. D\u00e9collages of Nouveau R\u00e9alisme by Raymond Hains and Jacques Villegl\u00e9 allow for a [&hellip;]<\/p>\n","protected":false},"author":19,"featured_media":2657,"parent":4264,"menu_order":4,"comment_status":"closed","ping_status":"closed","template":"","meta":{"_acf_changed":false,"footnotes":""},"class_list":["post-4287","page","type-page","status-publish","has-post-thumbnail","hentry"],"_links":{"self":[{"href":"https:\/\/www.kmw.ch\/en\/wp-json\/wp\/v2\/pages\/4287","targetHints":{"allow":["GET"]}}],"collection":[{"href":"https:\/\/www.kmw.ch\/en\/wp-json\/wp\/v2\/pages"}],"about":[{"href":"https:\/\/www.kmw.ch\/en\/wp-json\/wp\/v2\/types\/page"}],"author":[{"embeddable":true,"href":"https:\/\/www.kmw.ch\/en\/wp-json\/wp\/v2\/users\/19"}],"replies":[{"embeddable":true,"href":"https:\/\/www.kmw.ch\/en\/wp-json\/wp\/v2\/comments?post=4287"}],"version-history":[{"count":3,"href":"https:\/\/www.kmw.ch\/en\/wp-json\/wp\/v2\/pages\/4287\/revisions"}],"predecessor-version":[{"id":24086,"href":"https:\/\/www.kmw.ch\/en\/wp-json\/wp\/v2\/pages\/4287\/revisions\/24086"}],"up":[{"embeddable":true,"href":"https:\/\/www.kmw.ch\/en\/wp-json\/wp\/v2\/pages\/4264"}],"wp:featuredmedia":[{"embeddable":true,"href":"https:\/\/www.kmw.ch\/en\/wp-json\/wp\/v2\/media\/2657"}],"wp:attachment":[{"href":"https:\/\/www.kmw.ch\/en\/wp-json\/wp\/v2\/media?parent=4287"}],"curies":[{"name":"wp","href":"https:\/\/api.w.org\/{rel}","templated":true}]}}