{"id":4293,"date":"2017-12-05T12:01:55","date_gmt":"2017-12-05T11:01:55","guid":{"rendered":"https:\/\/www.kmw.ch\/collection\/graphik\/"},"modified":"2025-02-27T09:23:01","modified_gmt":"2025-02-27T08:23:01","slug":"graphics-collection","status":"publish","type":"page","link":"https:\/\/www.kmw.ch\/en\/collection\/graphics-collection\/","title":{"rendered":"Graphics Collection"},"content":{"rendered":"<p>Das Kunst Museum Winterthur beherbergt eine bedeutende graphische Sammlung, die vom 15. Jahrhundert bis in die Gegenwart reicht und rund 15\u2019000 Werke umfasst. Sie vereint die Best\u00e4nde des Kunstvereins und der Stiftung Oskar Reinhart. Es war Oskar Reinhart, der vor der Er\u00f6ffnung seiner eigenen Stiftung f\u00fcr den Aufbau der graphischen Sammlung des Kunstmuseums verantwortlich zeichnete. W\u00e4hrend seine Gem\u00e4ldesammlung in der Villa \u201eAm R\u00f6merholz\u201c verblieb, \u00fcberf\u00fchrte er fast s\u00e4mtliche Papierarbeiten aus seinem Besitz in die Stiftung, so dass heute Meistergraphik des 15. Jahrhunderts, darunter erstrangige Bl\u00e4tter von Albrecht D\u00fcrer, den historischen Auftakt der graphischen Sammlung bilden. Diese umfasst zudem Graphik des Goldenen Zeitalters in den Niederlanden, drei Werkzyklen von Francisco de Goya, die vollst\u00e4ndig und in Erstauflage vorhanden sind und umfangreiche Werkgruppen von Honor\u00e9 Daumier oder Henri de Toulouse-Lautrec oder F\u00e9lix Vallotton. Papierarbeiten der klassischen Moderne erg\u00e4nzen die Best\u00e4nde von Gem\u00e4lden und Skulpturen. Ausserdem besitzt das Kunst Museum Winterthur s\u00e4mtliche Druckgraphiken und Multiples von Richard Hamilton sowie die umfangreichste zeichnerische Werkgruppe von Gerhard Richter in einem Schweizer Museum.<\/p>\n<p>Audio Guide<br \/>\nA guide to 40 main works of the collection, German and English CHF 3<\/p>\n","protected":false},"excerpt":{"rendered":"<p>Das Kunst Museum Winterthur beherbergt eine bedeutende graphische Sammlung, die vom 15. Jahrhundert bis in die Gegenwart reicht und rund 15\u2019000 Werke umfasst. Sie vereint die Best\u00e4nde des Kunstvereins und der Stiftung Oskar Reinhart. Es war Oskar Reinhart, der vor der Er\u00f6ffnung seiner eigenen Stiftung f\u00fcr den Aufbau der graphischen Sammlung des Kunstmuseums verantwortlich zeichnete. [&hellip;]<\/p>\n","protected":false},"author":19,"featured_media":2672,"parent":4264,"menu_order":7,"comment_status":"closed","ping_status":"closed","template":"","meta":{"_acf_changed":false,"footnotes":""},"class_list":["post-4293","page","type-page","status-publish","has-post-thumbnail","hentry"],"_links":{"self":[{"href":"https:\/\/www.kmw.ch\/en\/wp-json\/wp\/v2\/pages\/4293","targetHints":{"allow":["GET"]}}],"collection":[{"href":"https:\/\/www.kmw.ch\/en\/wp-json\/wp\/v2\/pages"}],"about":[{"href":"https:\/\/www.kmw.ch\/en\/wp-json\/wp\/v2\/types\/page"}],"author":[{"embeddable":true,"href":"https:\/\/www.kmw.ch\/en\/wp-json\/wp\/v2\/users\/19"}],"replies":[{"embeddable":true,"href":"https:\/\/www.kmw.ch\/en\/wp-json\/wp\/v2\/comments?post=4293"}],"version-history":[{"count":3,"href":"https:\/\/www.kmw.ch\/en\/wp-json\/wp\/v2\/pages\/4293\/revisions"}],"predecessor-version":[{"id":24090,"href":"https:\/\/www.kmw.ch\/en\/wp-json\/wp\/v2\/pages\/4293\/revisions\/24090"}],"up":[{"embeddable":true,"href":"https:\/\/www.kmw.ch\/en\/wp-json\/wp\/v2\/pages\/4264"}],"wp:featuredmedia":[{"embeddable":true,"href":"https:\/\/www.kmw.ch\/en\/wp-json\/wp\/v2\/media\/2672"}],"wp:attachment":[{"href":"https:\/\/www.kmw.ch\/en\/wp-json\/wp\/v2\/media?parent=4293"}],"curies":[{"name":"wp","href":"https:\/\/api.w.org\/{rel}","templated":true}]}}