{"id":6080,"date":"2019-01-10T12:05:34","date_gmt":"2019-01-10T11:05:34","guid":{"rendered":"https:\/\/www.kmw.ch\/exhibitions\/souvenir-suisse\/"},"modified":"2019-12-13T08:54:15","modified_gmt":"2019-12-13T07:54:15","slug":"souvenir-suisse","status":"publish","type":"page","link":"https:\/\/www.kmw.ch\/en\/exhibitions\/souvenir-suisse\/","title":{"rendered":"Souvenir Suisse"},"content":{"rendered":"<p>Memories are what endure in the minds of travelers, today as in the past. Be it photos, postcards or vistas of the places visited or a good old sketchbook: They are all helpful for jogging the memory. When, back in the 18th century, Switzerland became a travel destination and was regarded as the \u00abtemple of Nature\u00bb, where \u00abwith each step you can expect to see the most wonderful variety of marvelous prospects\u00bb, the foundations were laid for tourism to blossom. This was accompanied by a new kind of image production, one that precisely served to preserve travel memories: In the 1760s, Winterthur-based landscape painter, illustrator and engraver Johann Ludwig Aberli invented the hand-colored outline etching, an intelligently chosen mixture of print and watercolor. The process became known as the \u00abAberli Style\u00bb and was subsequently emulated by artists such as Heinrich Rieter and Gabriel Lory, who advanced the technique. Their captivating prints were expensive souvenirs that were distributed widely as they fostered the image of the \u00abEuropean Arcadia\u00bb.<\/p>\n<p>Stiftung Familie Fehlmann in Winterthur, a foundation established in 2016 at the initiative of Winterthur citizen Heinz Fehlmann-Sommer (1919\u20132015), owns a fascinating collection of these prints in the \u00abAberli Style\u00bb. His father Heinrich Fehlmann-Richard (1880\u20131952) devoted many years and a lot of love and knowledge to compiling the collection, with the prints now going on public display for the first time to mark the 100th anniversary of the birth of the man who launched the foundation. Together with the wealth of paintings and drawings in the Kunst Museum Winterthur collection, the exhibition will paint a multi-faceted picture of Switzerland that emphatically shaped how the country was perceived from the outside and contributed strongly to the evolution of the Swiss identity that is taken as the norm today.<\/p>\n<p>Curators: David Schmidhauser and Christian F\u00e9raud<\/p>\n<p>Die Stiftung Familie Fehlmann in Winterthur, die 2016 auf Initiative des Winterthurers Heinz Fehlmann-Sommer (1919\u20132015) gegru\u0308ndet worden ist, besitzt eine faszinierende Sammlung dieser Druckgraphik in \u00abAberlis Manier\u00bb. Von seinem Vater Heinrich Fehlmann-Richard (1880\u20131952) in jahrelanger Besch\u00e4ftigung und mit viel Liebe und Kennerschaft zusammengetragen, werden die Bl\u00e4tter nun zum hundertsten Geburtstag des Stiftungsgru\u0308nders erstmals der \u00d6ffentlichkeit pr\u00e4sentiert. Zusammen mit den reichen Best\u00e4nden an Gem\u00e4lden und Zeichnungen im Kunst Museum Winterthur zeigt die Ausstellung ein facettenreiches Bild der Schweiz, das ihre Wahrnehmung im Ausland nachhaltig pr\u00e4gte und wesentlich zur Identit\u00e4tsbildung der Schweiz, wie wir sie heute sehen und verstehen, beitrug. Kindly supported by Kunst Museum Winterthur<br \/>\nReinhart am Stadtgarten<br \/>\n8400 Winterthur<br \/>\nGet directions<\/p>\n<p> 1605 Tue to Sun 10 am\u20135 pm<br \/>\nThu 10 am\u20138 pm<br \/>\nMonday closed 1607 CHF 19 \/ 15 (reduced)<br \/>\nWith the\u00a0ticket you can visit all three\u00a0museums.<\/p>\n<p>Details<\/p>\n<p> 1606<\/p>\n","protected":false},"excerpt":{"rendered":"<p>Memories are what endure in the minds of travelers, today as in the past. Be it photos, postcards or vistas of the places visited or a good old sketchbook: They are all helpful for jogging the memory. When, back in the 18th century, Switzerland became a travel destination and was regarded as the \u00abtemple of [&hellip;]<\/p>\n","protected":false},"author":19,"featured_media":7135,"parent":4115,"menu_order":60,"comment_status":"closed","ping_status":"closed","template":"","meta":{"_acf_changed":false,"footnotes":""},"class_list":["post-6080","page","type-page","status-publish","has-post-thumbnail","hentry"],"_links":{"self":[{"href":"https:\/\/www.kmw.ch\/en\/wp-json\/wp\/v2\/pages\/6080","targetHints":{"allow":["GET"]}}],"collection":[{"href":"https:\/\/www.kmw.ch\/en\/wp-json\/wp\/v2\/pages"}],"about":[{"href":"https:\/\/www.kmw.ch\/en\/wp-json\/wp\/v2\/types\/page"}],"author":[{"embeddable":true,"href":"https:\/\/www.kmw.ch\/en\/wp-json\/wp\/v2\/users\/19"}],"replies":[{"embeddable":true,"href":"https:\/\/www.kmw.ch\/en\/wp-json\/wp\/v2\/comments?post=6080"}],"version-history":[{"count":0,"href":"https:\/\/www.kmw.ch\/en\/wp-json\/wp\/v2\/pages\/6080\/revisions"}],"up":[{"embeddable":true,"href":"https:\/\/www.kmw.ch\/en\/wp-json\/wp\/v2\/pages\/4115"}],"wp:featuredmedia":[{"embeddable":true,"href":"https:\/\/www.kmw.ch\/en\/wp-json\/wp\/v2\/media\/7135"}],"wp:attachment":[{"href":"https:\/\/www.kmw.ch\/en\/wp-json\/wp\/v2\/media?parent=6080"}],"curies":[{"name":"wp","href":"https:\/\/api.w.org\/{rel}","templated":true}]}}