{"id":8144,"date":"2019-11-22T14:02:50","date_gmt":"2019-11-22T13:02:50","guid":{"rendered":"https:\/\/www.kmw.ch\/exhibitions\/carl-spitzweg\/"},"modified":"2020-05-05T14:44:26","modified_gmt":"2020-05-05T12:44:26","slug":"carl-spitzweg","status":"publish","type":"page","link":"https:\/\/www.kmw.ch\/en\/exhibitions\/carl-spitzweg\/","title":{"rendered":"Carl Spitzweg"},"content":{"rendered":"<p>Das Bajonett abgestellt, das Strickzeug abgelegt, blickt der Wachsoldat tatenlos ins Land. Die Zeit scheint stillzustehen, kein Bl\u00e4ttchen regt sich, nur die W\u00e4sche \ufb02attert leise im Wind. Doch die beschauliche Idylle tr\u00fcgt, denn sp\u00e4testens 1870, als der M\u00fcnchner Meister Carl Spitzweg (1808\u20131885) den unt\u00e4tigen Wachposten malte, endete der bewa\ufb00nete Friede mit dem Deutsch-Franz\u00f6sischen Krieg. Als pragmatisch-kritischer K\u00fcnstler agierte Spitzweg als Spiegel der Zeit und der Gesellschaft, in der er lebte. Auf den ersten Blick apolitisch wirkend, scheint stets leise Ironie in seiner Malerei auf. Die biedermeierlich-b\u00fcrgerliche Gesinnung wird subtil und erst bei genauerer Betrachtung erkennbar unterlaufen. Spitzweg kritisiert mit Hintersinn, jedoch ohne Anklage zu erheben.<\/p>\n<p>Beinahe zwanzig Jahre sind seit der letzten umfassenden Ausstellung zu Spitzweg in der Schweiz vergangen. Im Kunst Museum Winterthur wird nicht der isolierte Autodidakt gezeigt, sondern der weltoffene, bestens vernetzte Maler, der die alten Meister ebenso studierte wie die neuesten Tendenzen. Austausch und Anregung waren zeitlebens bestimmend f\u00fcr Spitzwegs Umgang mit seiner Umwelt, die er sich nicht nur intellektuell, sondern auch unmittelbar durch die pers\u00f6nliche Auseinandersetzung erschloss.<\/p>\n<p>Die Ausstellung wird in enger Zusammenarbeit mit dem Museum Georg Sch\u00e4fer in Schweinfurt realisiert, das die bedeutendste Spitzweg-Sammlung \u00fcberhaupt beherbergt. Zusammen mit Leihgaben aus Privatbesitz und wichtigen europ\u00e4ischen Museen soll ein Bild des Malers entstehen, das ihn nicht bloss als Kind des Biedermeier, sondern eines weitreichenden 19. Jahrhunderts erfahrbar machen l\u00e4sst. In seinen Werken verbinden sich Heimat und Fernweh, Idylle und Subversion, Kleinteiliges mit grossen Fragen, letztlich Tradition und Moderne. Diese Gegens\u00e4tze und Widerspr\u00fcche lassen seine Malerei auch heute noch reizvoll und zeitgem\u00e4ss erscheinen.\u00a0 With kind support<br \/>\n Kunst Museum Winterthur<br \/>\nReinhart am Stadtgarten<br \/>\n8400 Winterthur<br \/>\nGet directions 1605 Tue to Sun 10 am\u20135 pm<br \/>\nThu 10 am\u20138 pm<br \/>\nMonday closed<br \/>\n 1607 CHF 19 \/ 16 (reduced)<br \/>\nWith the\u00a0ticket you can visit all three\u00a0museums.<\/p>\n<p>Details 1606<\/p>\n","protected":false},"excerpt":{"rendered":"<p>Das Bajonett abgestellt, das Strickzeug abgelegt, blickt der Wachsoldat tatenlos ins Land. Die Zeit scheint stillzustehen, kein Bl\u00e4ttchen regt sich, nur die W\u00e4sche \ufb02attert leise im Wind. Doch die beschauliche Idylle tr\u00fcgt, denn sp\u00e4testens 1870, als der M\u00fcnchner Meister Carl Spitzweg (1808\u20131885) den unt\u00e4tigen Wachposten malte, endete der bewa\ufb00nete Friede mit dem Deutsch-Franz\u00f6sischen Krieg. Als [&hellip;]<\/p>\n","protected":false},"author":19,"featured_media":7855,"parent":4115,"menu_order":40,"comment_status":"closed","ping_status":"closed","template":"","meta":{"_acf_changed":false,"footnotes":""},"class_list":["post-8144","page","type-page","status-publish","has-post-thumbnail","hentry"],"_links":{"self":[{"href":"https:\/\/www.kmw.ch\/en\/wp-json\/wp\/v2\/pages\/8144","targetHints":{"allow":["GET"]}}],"collection":[{"href":"https:\/\/www.kmw.ch\/en\/wp-json\/wp\/v2\/pages"}],"about":[{"href":"https:\/\/www.kmw.ch\/en\/wp-json\/wp\/v2\/types\/page"}],"author":[{"embeddable":true,"href":"https:\/\/www.kmw.ch\/en\/wp-json\/wp\/v2\/users\/19"}],"replies":[{"embeddable":true,"href":"https:\/\/www.kmw.ch\/en\/wp-json\/wp\/v2\/comments?post=8144"}],"version-history":[{"count":0,"href":"https:\/\/www.kmw.ch\/en\/wp-json\/wp\/v2\/pages\/8144\/revisions"}],"up":[{"embeddable":true,"href":"https:\/\/www.kmw.ch\/en\/wp-json\/wp\/v2\/pages\/4115"}],"wp:featuredmedia":[{"embeddable":true,"href":"https:\/\/www.kmw.ch\/en\/wp-json\/wp\/v2\/media\/7855"}],"wp:attachment":[{"href":"https:\/\/www.kmw.ch\/en\/wp-json\/wp\/v2\/media?parent=8144"}],"curies":[{"name":"wp","href":"https:\/\/api.w.org\/{rel}","templated":true}]}}